{"id":9,"date":"2018-06-28T19:40:00","date_gmt":"2018-06-28T17:40:00","guid":{"rendered":"http:\/\/www.skaldemann-nature.de\/wordpress\/?page_id=9"},"modified":"2024-04-20T20:20:20","modified_gmt":"2024-04-20T18:20:20","slug":"ueber-mich","status":"publish","type":"page","link":"https:\/\/www.skaldemann-nature.de\/index.php\/ueber-mich\/","title":{"rendered":"\u00dcber Mich"},"content":{"rendered":"\n<p class=\"has-text-align-left has-medium-font-size\">Hallo,<\/p>\n\n\n\n<p><\/p>\n\n\n\n<p class=\"has-text-align-left has-medium-font-size\">Mein Name ist Sebastian Ehrhardt. Ich wurde am 17.05.1990, in Saarlouis, im Saarland geboren, wo ich bis Heute lebe.<\/p>\n\n\n\n<p><\/p>\n\n\n\n<p class=\"has-text-align-left has-medium-font-size\">Neben meiner technischen Ausbildung und beruflichen Laufbahn schrieb ich immer mal wieder Gedichte. Zu Geburtstagen von Familie und Freunden sowie f\u00fcr besondere Anl\u00e4sse in meinem Umfeld. Am wichtigsten waren und sind mir meine Gedichte als Ventil um meine Emotionen, Gedanken und Erlebtes zu verarbeiten, wie zum Beispiel den Verlust meines Vaters. Aber auch Fragen die ich mir stelle sind Gegenstand meiner Gedichte, sowie meine Liebe zur Natur, die Liebe Selbst, Familie und gesellschaftskritische Themen. <\/p>\n\n\n\n<p class=\"has-medium-font-size\">Im M\u00e4rz 2019 dann mein Deb\u00fct. Eines meiner Gedichte wird in der Anthologie &#8220;Dunkle Ziffern&#8221; ver\u00f6ffentlicht. Fortan darf ich mich nun offiziell Autor nennen. <\/p>\n\n\n\n<p><\/p>\n\n\n\n<p class=\"has-text-align-left has-medium-font-size\">Im Jahr 2018 entdeckte ich zudem die Fotografie f\u00fcr mich. Ich hatte schon immer das Gef\u00fchl ein gutes Auge f\u00fcr sch\u00f6ne Motive zu haben. Auch die Freude an Kleinigkeiten, oder besser meine Wertsch\u00e4tzung kleiner unscheinbarer Dinge gegen\u00fcber, war sehr dienlich um sch\u00f6ne Fotos zu schie\u00dfen. Freunde und Bekannte best\u00e4rkten mich darin &#8220;ich h\u00e4tte ein H\u00e4ndchen daf\u00fcr&#8221;. Und so trage ich bei meinen Spazierg\u00e4ngen und Tagesausfl\u00fcgen immer meine Kamera bei mir um bei jeder Gelegenheit gewappnet zu sein.<\/p>\n\n\n\n<p><\/p>\n\n\n\n<p class=\"has-text-align-left has-medium-font-size\">Gedichte, Fotografie und meine Liebe zur Natur vereint in einem Logo.<\/p>\n\n\n<div class=\"wp-block-image\">\n<figure class=\"aligncenter size-full\"><img decoding=\"async\" loading=\"lazy\" width=\"500\" height=\"593\" src=\"https:\/\/www.skaldemann-nature.de\/wp-content\/uploads\/2019\/06\/Logo2-3.png\" alt=\"\" class=\"wp-image-697\" srcset=\"https:\/\/www.skaldemann-nature.de\/wp-content\/uploads\/2019\/06\/Logo2-3.png 500w, https:\/\/www.skaldemann-nature.de\/wp-content\/uploads\/2019\/06\/Logo2-3-253x300.png 253w\" sizes=\"(max-width: 500px) 100vw, 500px\" \/><\/figure><\/div>","protected":false},"excerpt":{"rendered":"<p>Hallo, Mein Name ist Sebastian Ehrhardt. Ich wurde am 17.05.1990, in Saarlouis, im Saarland geboren, wo ich bis Heute lebe. Neben meiner technischen Ausbildung und beruflichen Laufbahn schrieb ich immer mal wieder Gedichte. Zu Geburtstagen von Familie und Freunden sowie f\u00fcr besondere Anl\u00e4sse in meinem Umfeld. Am wichtigsten waren und sind mir meine Gedichte als&hellip;<\/p>\n","protected":false},"author":1,"featured_media":539,"parent":0,"menu_order":0,"comment_status":"closed","ping_status":"closed","template":"","meta":{"ngg_post_thumbnail":0},"_links":{"self":[{"href":"https:\/\/www.skaldemann-nature.de\/index.php\/wp-json\/wp\/v2\/pages\/9"}],"collection":[{"href":"https:\/\/www.skaldemann-nature.de\/index.php\/wp-json\/wp\/v2\/pages"}],"about":[{"href":"https:\/\/www.skaldemann-nature.de\/index.php\/wp-json\/wp\/v2\/types\/page"}],"author":[{"embeddable":true,"href":"https:\/\/www.skaldemann-nature.de\/index.php\/wp-json\/wp\/v2\/users\/1"}],"replies":[{"embeddable":true,"href":"https:\/\/www.skaldemann-nature.de\/index.php\/wp-json\/wp\/v2\/comments?post=9"}],"version-history":[{"count":19,"href":"https:\/\/www.skaldemann-nature.de\/index.php\/wp-json\/wp\/v2\/pages\/9\/revisions"}],"predecessor-version":[{"id":1803,"href":"https:\/\/www.skaldemann-nature.de\/index.php\/wp-json\/wp\/v2\/pages\/9\/revisions\/1803"}],"wp:featuredmedia":[{"embeddable":true,"href":"https:\/\/www.skaldemann-nature.de\/index.php\/wp-json\/wp\/v2\/media\/539"}],"wp:attachment":[{"href":"https:\/\/www.skaldemann-nature.de\/index.php\/wp-json\/wp\/v2\/media?parent=9"}],"curies":[{"name":"wp","href":"https:\/\/api.w.org\/{rel}","templated":true}]}}