{"id":88,"date":"2018-07-12T16:22:13","date_gmt":"2018-07-12T14:22:13","guid":{"rendered":"http:\/\/www.skaldemann-nature.de\/wordpress\/?page_id=88"},"modified":"2024-04-20T19:53:49","modified_gmt":"2024-04-20T17:53:49","slug":"fotographie","status":"publish","type":"page","link":"https:\/\/www.skaldemann-nature.de\/index.php\/fotographie\/","title":{"rendered":"Fotografie"},"content":{"rendered":"\n<p class=\"has-text-align-center has-medium-font-size\">Als Fotograf liebe ich es manchmal einfach nur meine Motive zu beobachten, ohne den Ausl\u00f6ser zu bet\u00e4tigen. Drau\u00dfen im Freien, der Natur. Ob in der Ferne oder ganz Nah an mir, bei der Naturfotografie wird  es nie langweilig. Egal ob Landschaften, Insekten, S\u00e4ugetiere oder auch einfach nur ein Baum, jedes Motiv hat seinen ganz eigenen Charme, den ich einzufangen versuche.<\/p>\n\n\n\n<p class=\"has-text-align-center has-medium-font-size\">Keines meiner Fotos ist am PC nach bearbeitet, sie wurden lediglich \u00fcber die Einstellungen meiner Kamera (Panasonic Lumix GX80) verfeinert.<\/p>\n\n\n\n<div style=\"height:100px\" aria-hidden=\"true\" class=\"wp-block-spacer\"><\/div>\n\n\n\n<p><\/p>\n\n\n\n<figure class=\"is-layout-flex wp-block-gallery-1 wp-block-gallery has-nested-images columns-default is-cropped\">\n<figure class=\"wp-block-image\"><a href=\"http:\/\/www.skaldemann-nature.de\/index.php\/fotographie\/architektur\/\"><img decoding=\"async\" loading=\"lazy\" width=\"792\" height=\"586\" data-id=\"554\"  src=\"https:\/\/www.skaldemann-nature.de\/wp-content\/uploads\/2019\/03\/Architektur-1.jpg\" alt=\"\" class=\"wp-image-554\" srcset=\"https:\/\/www.skaldemann-nature.de\/wp-content\/uploads\/2019\/03\/Architektur-1.jpg 792w, https:\/\/www.skaldemann-nature.de\/wp-content\/uploads\/2019\/03\/Architektur-1-300x222.jpg 300w, https:\/\/www.skaldemann-nature.de\/wp-content\/uploads\/2019\/03\/Architektur-1-768x568.jpg 768w, https:\/\/www.skaldemann-nature.de\/wp-content\/uploads\/2019\/03\/Architektur-1-120x90.jpg 120w\" sizes=\"(max-width: 792px) 100vw, 792px\" \/><\/a><figcaption class=\"wp-element-caption\"><strong><a href=\"http:\/\/www.skaldemann-nature.de\/index.php\/fotographie\/architektur\/\">Architektur<\/a><\/strong><\/figcaption><\/figure>\n\n\n\n<figure class=\"wp-block-image\"><a href=\"http:\/\/www.skaldemann-nature.de\/index.php\/fotographie\/diverses-2\/\"><img decoding=\"async\" loading=\"lazy\" width=\"792\" height=\"595\" data-id=\"392\"  src=\"https:\/\/www.skaldemann-nature.de\/wp-content\/uploads\/2019\/03\/Diverses.jpg\" alt=\"\" class=\"wp-image-392\" srcset=\"https:\/\/www.skaldemann-nature.de\/wp-content\/uploads\/2019\/03\/Diverses.jpg 792w, https:\/\/www.skaldemann-nature.de\/wp-content\/uploads\/2019\/03\/Diverses-300x225.jpg 300w, https:\/\/www.skaldemann-nature.de\/wp-content\/uploads\/2019\/03\/Diverses-768x577.jpg 768w, https:\/\/www.skaldemann-nature.de\/wp-content\/uploads\/2019\/03\/Diverses-120x90.jpg 120w\" sizes=\"(max-width: 792px) 100vw, 792px\" \/><\/a><figcaption class=\"wp-element-caption\"><strong><a href=\"http:\/\/www.skaldemann-nature.de\/index.php\/fotographie\/diverses-2\/\">Diverses<\/a><\/strong><\/figcaption><\/figure>\n\n\n\n<figure class=\"wp-block-image\"><a href=\"http:\/\/www.skaldemann-nature.de\/index.php\/fotographie\/insekten-wirbellose\/\"><img decoding=\"async\" loading=\"lazy\" width=\"791\" height=\"595\" data-id=\"391\"  src=\"https:\/\/www.skaldemann-nature.de\/wp-content\/uploads\/2019\/03\/InsektenWirbellose.jpg\" alt=\"\" class=\"wp-image-391\" srcset=\"https:\/\/www.skaldemann-nature.de\/wp-content\/uploads\/2019\/03\/InsektenWirbellose.jpg 791w, https:\/\/www.skaldemann-nature.de\/wp-content\/uploads\/2019\/03\/InsektenWirbellose-300x226.jpg 300w, https:\/\/www.skaldemann-nature.de\/wp-content\/uploads\/2019\/03\/InsektenWirbellose-768x578.jpg 768w, https:\/\/www.skaldemann-nature.de\/wp-content\/uploads\/2019\/03\/InsektenWirbellose-120x90.jpg 120w\" sizes=\"(max-width: 791px) 100vw, 791px\" \/><\/a><figcaption class=\"wp-element-caption\"><strong><a href=\"http:\/\/www.skaldemann-nature.de\/index.php\/fotographie\/insekten-wirbellose\/\">Insekten &amp; Wirbellose<\/a><\/strong><\/figcaption><\/figure>\n\n\n\n<figure class=\"wp-block-image\"><a href=\"http:\/\/www.skaldemann-nature.de\/index.php\/fotographie\/landschaften-2\/\"><img decoding=\"async\" loading=\"lazy\" width=\"791\" height=\"595\" data-id=\"390\"  src=\"https:\/\/www.skaldemann-nature.de\/wp-content\/uploads\/2019\/03\/Landschaften.jpg\" alt=\"\" class=\"wp-image-390\" srcset=\"https:\/\/www.skaldemann-nature.de\/wp-content\/uploads\/2019\/03\/Landschaften.jpg 791w, https:\/\/www.skaldemann-nature.de\/wp-content\/uploads\/2019\/03\/Landschaften-300x226.jpg 300w, https:\/\/www.skaldemann-nature.de\/wp-content\/uploads\/2019\/03\/Landschaften-768x578.jpg 768w, https:\/\/www.skaldemann-nature.de\/wp-content\/uploads\/2019\/03\/Landschaften-120x90.jpg 120w\" sizes=\"(max-width: 791px) 100vw, 791px\" \/><\/a><figcaption class=\"wp-element-caption\"><strong><a href=\"http:\/\/www.skaldemann-nature.de\/index.php\/fotographie\/landschaften-2\/\">Landschaften<\/a><\/strong><\/figcaption><\/figure>\n\n\n\n<figure class=\"wp-block-image\"><a href=\"http:\/\/www.skaldemann-nature.de\/index.php\/fotographie\/pflanzen-2\/\"><img decoding=\"async\" loading=\"lazy\" width=\"792\" height=\"595\" data-id=\"389\"  src=\"https:\/\/www.skaldemann-nature.de\/wp-content\/uploads\/2019\/03\/Pflanzen.jpg\" alt=\"\" class=\"wp-image-389\" srcset=\"https:\/\/www.skaldemann-nature.de\/wp-content\/uploads\/2019\/03\/Pflanzen.jpg 792w, https:\/\/www.skaldemann-nature.de\/wp-content\/uploads\/2019\/03\/Pflanzen-300x225.jpg 300w, https:\/\/www.skaldemann-nature.de\/wp-content\/uploads\/2019\/03\/Pflanzen-768x577.jpg 768w, https:\/\/www.skaldemann-nature.de\/wp-content\/uploads\/2019\/03\/Pflanzen-120x90.jpg 120w\" sizes=\"(max-width: 792px) 100vw, 792px\" \/><\/a><figcaption class=\"wp-element-caption\"><strong><a href=\"http:\/\/www.skaldemann-nature.de\/index.php\/fotographie\/pflanzen-2\/\">Pflanzen<\/a><\/strong><\/figcaption><\/figure>\n\n\n\n<figure class=\"wp-block-image\"><a href=\"http:\/\/www.skaldemann-nature.de\/index.php\/fotographie\/reptilien\/\"><img decoding=\"async\" loading=\"lazy\" width=\"789\" height=\"592\" data-id=\"553\"  src=\"https:\/\/www.skaldemann-nature.de\/wp-content\/uploads\/2019\/03\/ReptilienAmphibien-1.jpg\" alt=\"\" class=\"wp-image-553\" srcset=\"https:\/\/www.skaldemann-nature.de\/wp-content\/uploads\/2019\/03\/ReptilienAmphibien-1.jpg 789w, https:\/\/www.skaldemann-nature.de\/wp-content\/uploads\/2019\/03\/ReptilienAmphibien-1-300x225.jpg 300w, https:\/\/www.skaldemann-nature.de\/wp-content\/uploads\/2019\/03\/ReptilienAmphibien-1-768x576.jpg 768w, https:\/\/www.skaldemann-nature.de\/wp-content\/uploads\/2019\/03\/ReptilienAmphibien-1-120x90.jpg 120w\" sizes=\"(max-width: 789px) 100vw, 789px\" \/><\/a><figcaption class=\"wp-element-caption\"><strong><a href=\"http:\/\/www.skaldemann-nature.de\/index.php\/fotographie\/reptilien\/\">Reptilien &amp; Amphibien<\/a><\/strong><\/figcaption><\/figure>\n\n\n\n<figure class=\"wp-block-image\"><a href=\"http:\/\/www.skaldemann-nature.de\/index.php\/fotographie\/naturaufnahmen\/\"><img decoding=\"async\" loading=\"lazy\" width=\"786\" height=\"595\" data-id=\"387\"  src=\"https:\/\/www.skaldemann-nature.de\/wp-content\/uploads\/2019\/03\/S\u00e4ugetiere.jpg\" alt=\"\" class=\"wp-image-387\" srcset=\"https:\/\/www.skaldemann-nature.de\/wp-content\/uploads\/2019\/03\/S\u00e4ugetiere.jpg 786w, https:\/\/www.skaldemann-nature.de\/wp-content\/uploads\/2019\/03\/S\u00e4ugetiere-300x227.jpg 300w, https:\/\/www.skaldemann-nature.de\/wp-content\/uploads\/2019\/03\/S\u00e4ugetiere-768x581.jpg 768w, https:\/\/www.skaldemann-nature.de\/wp-content\/uploads\/2019\/03\/S\u00e4ugetiere-120x90.jpg 120w\" sizes=\"(max-width: 786px) 100vw, 786px\" \/><\/a><figcaption class=\"wp-element-caption\"><strong><a href=\"http:\/\/www.skaldemann-nature.de\/index.php\/fotographie\/naturaufnahmen\/\">S\u00e4ugetiere<\/a><\/strong><\/figcaption><\/figure>\n\n\n\n<figure class=\"wp-block-image\"><a href=\"http:\/\/www.skaldemann-nature.de\/index.php\/fotographie\/voegel\/\"><img decoding=\"async\" loading=\"lazy\" width=\"765\" height=\"591\" data-id=\"552\"  src=\"https:\/\/www.skaldemann-nature.de\/wp-content\/uploads\/2019\/03\/V\u00f6gel-1.jpg\" alt=\"\" class=\"wp-image-552\" srcset=\"https:\/\/www.skaldemann-nature.de\/wp-content\/uploads\/2019\/03\/V\u00f6gel-1.jpg 765w, https:\/\/www.skaldemann-nature.de\/wp-content\/uploads\/2019\/03\/V\u00f6gel-1-300x232.jpg 300w\" sizes=\"(max-width: 765px) 100vw, 765px\" \/><\/a><figcaption class=\"wp-element-caption\"><strong><a href=\"http:\/\/www.skaldemann-nature.de\/index.php\/fotographie\/voegel\/\">V\u00f6gel<\/a><\/strong><\/figcaption><\/figure>\n\n\n\n<figure class=\"wp-block-image\"><a href=\"http:\/\/www.skaldemann-nature.de\/index.php\/fotographie\/tierfotografie\/\"><img decoding=\"async\" loading=\"lazy\" width=\"790\" height=\"595\" data-id=\"386\"  src=\"https:\/\/www.skaldemann-nature.de\/wp-content\/uploads\/2019\/03\/WildparksZoos.jpg\" alt=\"\" class=\"wp-image-386\" srcset=\"https:\/\/www.skaldemann-nature.de\/wp-content\/uploads\/2019\/03\/WildparksZoos.jpg 790w, https:\/\/www.skaldemann-nature.de\/wp-content\/uploads\/2019\/03\/WildparksZoos-300x226.jpg 300w, https:\/\/www.skaldemann-nature.de\/wp-content\/uploads\/2019\/03\/WildparksZoos-768x578.jpg 768w, https:\/\/www.skaldemann-nature.de\/wp-content\/uploads\/2019\/03\/WildparksZoos-120x90.jpg 120w\" sizes=\"(max-width: 790px) 100vw, 790px\" \/><\/a><figcaption class=\"wp-element-caption\"><a href=\"http:\/\/www.skaldemann-nature.de\/index.php\/fotographie\/tierfotografie\/\"><strong>Wildparks &amp; Zoos<\/strong><\/a><\/figcaption><\/figure>\n<\/figure>\n","protected":false},"excerpt":{"rendered":"<p>Als Fotograf liebe ich es manchmal einfach nur meine Motive zu beobachten, ohne den Ausl\u00f6ser zu bet\u00e4tigen. Drau\u00dfen im Freien, der Natur. Ob in der Ferne oder ganz Nah an mir, bei der Naturfotografie wird es nie langweilig. Egal ob Landschaften, Insekten, S\u00e4ugetiere oder auch einfach nur ein Baum, jedes Motiv hat seinen ganz eigenen&hellip;<\/p>\n","protected":false},"author":1,"featured_media":327,"parent":0,"menu_order":3,"comment_status":"closed","ping_status":"closed","template":"","meta":{"ngg_post_thumbnail":0},"_links":{"self":[{"href":"https:\/\/www.skaldemann-nature.de\/index.php\/wp-json\/wp\/v2\/pages\/88"}],"collection":[{"href":"https:\/\/www.skaldemann-nature.de\/index.php\/wp-json\/wp\/v2\/pages"}],"about":[{"href":"https:\/\/www.skaldemann-nature.de\/index.php\/wp-json\/wp\/v2\/types\/page"}],"author":[{"embeddable":true,"href":"https:\/\/www.skaldemann-nature.de\/index.php\/wp-json\/wp\/v2\/users\/1"}],"replies":[{"embeddable":true,"href":"https:\/\/www.skaldemann-nature.de\/index.php\/wp-json\/wp\/v2\/comments?post=88"}],"version-history":[{"count":26,"href":"https:\/\/www.skaldemann-nature.de\/index.php\/wp-json\/wp\/v2\/pages\/88\/revisions"}],"predecessor-version":[{"id":1797,"href":"https:\/\/www.skaldemann-nature.de\/index.php\/wp-json\/wp\/v2\/pages\/88\/revisions\/1797"}],"wp:featuredmedia":[{"embeddable":true,"href":"https:\/\/www.skaldemann-nature.de\/index.php\/wp-json\/wp\/v2\/media\/327"}],"wp:attachment":[{"href":"https:\/\/www.skaldemann-nature.de\/index.php\/wp-json\/wp\/v2\/media?parent=88"}],"curies":[{"name":"wp","href":"https:\/\/api.w.org\/{rel}","templated":true}]}}