{"id":572,"date":"2019-03-17T20:38:20","date_gmt":"2019-03-17T19:38:20","guid":{"rendered":"http:\/\/www.skaldemann-nature.de\/wordpress\/?page_id=572"},"modified":"2019-03-20T15:22:37","modified_gmt":"2019-03-20T14:22:37","slug":"impressum","status":"publish","type":"page","link":"https:\/\/www.skaldemann-nature.de\/index.php\/impressum\/","title":{"rendered":"Impressum"},"content":{"rendered":"\n<p style=\"text-align:center\"><strong>Verantwortlich f\u00fcr den Inhalt dieser Seite:&nbsp;<\/strong> <\/p>\n\n\n\n<p style=\"text-align:center\">Sebastian Ehrhardt<\/p>\n\n\n\n<p style=\"text-align:center\">Beckingerstra\u00dfe 10<\/p>\n\n\n\n<p style=\"text-align:center\">66763 Dillingen (Saar)<\/p>\n\n\n\n<p style=\"text-align:center\">     Deutschland     <br><\/p>\n\n\n\n<p style=\"text-align:center\">E-mail: sebastian@skaldemann-nature.de<\/p>\n\n\n\n<p><br><\/p>\n\n\n\n<hr class=\"wp-block-separator\"\/>\n\n\n\n<p style=\"text-align:center\">\n    <strong>Urheberrechtsbestimmungen:<\/strong>\n<\/p>\n\n\n\n<p style=\"text-align:center\">S\u00e4mtliche  Bilder, Grafiken und Design-Elemente mit Logos, sowie alle Gedichte dieser Website sind  urheberrechtlich gesch\u00fctzt und d\u00fcrfen weder ganz, noch teilweise, ohne vorherige schriftliche Genehmigung des Urhebers kopiert, ver\u00e4ndert, vervielf\u00e4ltigt  oder ver\u00f6ffentlicht werden.&nbsp;\u00a9 Sebastian Ehrhardt \u00a9  Skaldemann Nature<br><br>Bilder ohne Logos wurden auf folgender Webseite heruntergeladen: <a href=\"https:\/\/pxhere.com\/\">https:\/\/pxhere.com\/&nbsp;<\/a>(CC0 \u00d6ffentliche Dom\u00e4ne: Frei f\u00fcr den pers\u00f6nlichen und kommerziellen Gebrauch)<br><br><br>Die Schriftz\u00fcge der Design-Elemente wurden von <a href=\"https:\/\/www.dafont.com\/de\/\">https:\/\/www.dafont.com\/de\/<\/a> heruntergeladen, (Porcelain, Urheber:  <a href=\"http:\/\/www.misprintedtype.com\/\">http:\/\/www.misprintedtype.com\/<\/a> ) <\/p>\n\n\n\n<p><br><\/p>\n\n\n\n<hr class=\"wp-block-separator\"\/>\n\n\n\n<p style=\"text-align:center\">\n    <strong>Haftungsausschluss:<\/strong>\n<\/p>\n\n\n\n<p style=\"text-align:center\">     Als Diensteanbieter sind wir gem\u00e4\u00df \u00a7 7 Abs.1 TMG f\u00fcr eigene Inhalte auf  diesen Seiten nach den allgemeinen Gesetzen verantwortlich. Nach \u00a7\u00a7 8 bis 10 TMG sind wir als Diensteanbieter jedoch nicht verpflichtet, \u00fcbermittelte oder gespeicherte fremde Informationen zu \u00fcberwachen oder nach     Umst\u00e4nden zu forschen, die auf eine rechtswidrige T\u00e4tigkeit hinweisen. <\/p>\n\n\n\n<p style=\"text-align:center\">Verpflichtungen  zur Entfernung oder Sperrung der Nutzung von Informationen nach den  allgemeinen Gesetzen bleiben hiervon unber\u00fchrt. Eine diesbez\u00fcgliche Haftung ist jedoch erst ab dem Zeitpunkt der Kenntnis einer konkreten Rechtsverletzung  m\u00f6glich. Bei Bekanntwerden von entsprechenden Rechtsverletzungen werden wir diese Inhalte umgehend entfernen. <\/p>\n\n\n\n<hr class=\"wp-block-separator\"\/>\n\n\n\n<p style=\"text-align:center\">\n    <strong>Haftung f\u00fcr Links:<\/strong>\n<\/p>\n\n\n\n<p style=\"text-align:center\">Unser  Angebot enth\u00e4lt Links zu externen Websites Dritter, auf deren Inhalte  wir keinen Einfluss haben.     Deshalb k\u00f6nnen wir f\u00fcr diese fremden Inhalte auch keine Gew\u00e4hr  \u00fcbernehmen. F\u00fcr die Inhalte der verlinkten Seiten ist stets der  jeweilige Anbieter oder Betreiber der Seiten verantwortlich. Die     verlinkten Seiten wurden zum Zeitpunkt der Verlinkung auf m\u00f6gliche  Rechtsverst\u00f6\u00dfe \u00fcberpr\u00fcft. Rechtswidrige Inhalte waren zum Zeitpunkt der  Verlinkung nicht erkennbar. <\/p>\n\n\n\n<p style=\"text-align:center\">Eine permanente inhaltliche Kontrolle der verlinkten Seiten ist jedoch ohne konkrete Anhaltspunkte einer Rechtsverletzung nicht zumutbar. Bei Bekanntwerden von Rechtsverletzungen werden wir derartige Links umgehend entfernen. <\/p>\n\n\n\n<p style=\"text-align:center\">     Quellverweis:&nbsp;<a href=\"https:\/\/www.e-recht24.de\">https:\/\/www.e-recht24.de<\/a> <\/p>\n","protected":false},"excerpt":{"rendered":"<p>Verantwortlich f\u00fcr den Inhalt dieser Seite:&nbsp; Sebastian Ehrhardt Beckingerstra\u00dfe 10 66763 Dillingen (Saar) Deutschland E-mail: sebastian@skaldemann-nature.de Urheberrechtsbestimmungen: S\u00e4mtliche Bilder, Grafiken und Design-Elemente mit Logos, sowie alle Gedichte dieser Website sind urheberrechtlich gesch\u00fctzt und d\u00fcrfen weder ganz, noch teilweise, ohne vorherige schriftliche Genehmigung des Urhebers kopiert, ver\u00e4ndert, vervielf\u00e4ltigt oder ver\u00f6ffentlicht werden.&nbsp;\u00a9 Sebastian Ehrhardt \u00a9 Skaldemann Nature&hellip;<\/p>\n","protected":false},"author":1,"featured_media":0,"parent":0,"menu_order":0,"comment_status":"closed","ping_status":"closed","template":"","meta":{"ngg_post_thumbnail":0},"_links":{"self":[{"href":"https:\/\/www.skaldemann-nature.de\/index.php\/wp-json\/wp\/v2\/pages\/572"}],"collection":[{"href":"https:\/\/www.skaldemann-nature.de\/index.php\/wp-json\/wp\/v2\/pages"}],"about":[{"href":"https:\/\/www.skaldemann-nature.de\/index.php\/wp-json\/wp\/v2\/types\/page"}],"author":[{"embeddable":true,"href":"https:\/\/www.skaldemann-nature.de\/index.php\/wp-json\/wp\/v2\/users\/1"}],"replies":[{"embeddable":true,"href":"https:\/\/www.skaldemann-nature.de\/index.php\/wp-json\/wp\/v2\/comments?post=572"}],"version-history":[{"count":4,"href":"https:\/\/www.skaldemann-nature.de\/index.php\/wp-json\/wp\/v2\/pages\/572\/revisions"}],"predecessor-version":[{"id":600,"href":"https:\/\/www.skaldemann-nature.de\/index.php\/wp-json\/wp\/v2\/pages\/572\/revisions\/600"}],"wp:attachment":[{"href":"https:\/\/www.skaldemann-nature.de\/index.php\/wp-json\/wp\/v2\/media?parent=572"}],"curies":[{"name":"wp","href":"https:\/\/api.w.org\/{rel}","templated":true}]}}