{"id":24,"date":"2018-06-28T19:40:01","date_gmt":"2018-06-28T17:40:01","guid":{"rendered":"http:\/\/www.skaldemann-nature.de\/wordpress\/?page_id=24"},"modified":"2024-04-20T19:41:09","modified_gmt":"2024-04-20T17:41:09","slug":"gedichte","status":"publish","type":"page","link":"https:\/\/www.skaldemann-nature.de\/index.php\/gedichte\/","title":{"rendered":"Gedichte"},"content":{"rendered":"\n<p class=\"has-text-align-center has-medium-font-size\">Wie bei meiner Vorstellung auf &#8220;<a href=\"http:\/\/www.skaldemann-nature.de\/index.php\/ueber-mich\/\">\u00dcber Mich<\/a>&#8221; schon erw\u00e4hnt, dient mir das Schreiben sehr oft als Ventil, um Dinge zu verarbeiten. Es ist ein Geschenk, wenn durch das Verarbeiten Neues entstehen kann. Es ist wohl eine Gabe, die mir zuteil geworden ist, die ich aber nicht in Perfektion beherrsche. Meine Gedichte und Texte stammen einzig aus meiner Feder und wurden von Niemandem lektoriert. Somit sind es reine Rohdiamanten &#8211; meine Gedanken, so wie sie mir in den Sinn kommen und schlie\u00dflich auf ein Blatt Papier.  <\/p>\n\n\n\n<p class=\"has-text-align-center has-medium-font-size\">Ich w\u00fcnsche viel Spa\u00df beim Lesen, Einf\u00fchlen und beim Nachdenken. <\/p>\n\n\n\n<div style=\"height:100px\" aria-hidden=\"true\" class=\"wp-block-spacer\"><\/div>\n\n\n\n<figure class=\"is-layout-flex wp-block-gallery-1 wp-block-gallery has-nested-images columns-default is-cropped\">\n<figure class=\"wp-block-image\"><a href=\"http:\/\/www.skaldemann-nature.de\/index.php\/2019\/03\/14\/augen-auf\/\"><img decoding=\"async\" loading=\"lazy\" width=\"789\" height=\"592\" data-id=\"380\"  src=\"https:\/\/www.skaldemann-nature.de\/wp-content\/uploads\/2019\/03\/Augen-auf-1.jpg\" alt=\"\" class=\"wp-image-380\" srcset=\"https:\/\/www.skaldemann-nature.de\/wp-content\/uploads\/2019\/03\/Augen-auf-1.jpg 789w, https:\/\/www.skaldemann-nature.de\/wp-content\/uploads\/2019\/03\/Augen-auf-1-300x225.jpg 300w, https:\/\/www.skaldemann-nature.de\/wp-content\/uploads\/2019\/03\/Augen-auf-1-768x576.jpg 768w, https:\/\/www.skaldemann-nature.de\/wp-content\/uploads\/2019\/03\/Augen-auf-1-120x90.jpg 120w\" sizes=\"(max-width: 789px) 100vw, 789px\" \/><\/a><\/figure>\n\n\n\n<figure class=\"wp-block-image\"><a href=\"http:\/\/www.skaldemann-nature.de\/index.php\/2019\/03\/14\/das-ja-wort\/\"><img decoding=\"async\" loading=\"lazy\" width=\"894\" height=\"595\" data-id=\"557\"  src=\"https:\/\/www.skaldemann-nature.de\/wp-content\/uploads\/2019\/03\/Ja-Wort-1.jpg\" alt=\"\" class=\"wp-image-557\" srcset=\"https:\/\/www.skaldemann-nature.de\/wp-content\/uploads\/2019\/03\/Ja-Wort-1.jpg 894w, https:\/\/www.skaldemann-nature.de\/wp-content\/uploads\/2019\/03\/Ja-Wort-1-300x200.jpg 300w, https:\/\/www.skaldemann-nature.de\/wp-content\/uploads\/2019\/03\/Ja-Wort-1-768x511.jpg 768w\" sizes=\"(max-width: 894px) 100vw, 894px\" \/><\/a><\/figure>\n\n\n\n<figure class=\"wp-block-image\"><a href=\"http:\/\/www.skaldemann-nature.de\/index.php\/2019\/03\/14\/die-erde\/\"><img decoding=\"async\" loading=\"lazy\" width=\"887\" height=\"591\" data-id=\"530\"  src=\"https:\/\/www.skaldemann-nature.de\/wp-content\/uploads\/2019\/03\/Die-Erde.jpg\" alt=\"\" class=\"wp-image-530\" srcset=\"https:\/\/www.skaldemann-nature.de\/wp-content\/uploads\/2019\/03\/Die-Erde.jpg 887w, https:\/\/www.skaldemann-nature.de\/wp-content\/uploads\/2019\/03\/Die-Erde-300x200.jpg 300w, https:\/\/www.skaldemann-nature.de\/wp-content\/uploads\/2019\/03\/Die-Erde-768x512.jpg 768w\" sizes=\"(max-width: 887px) 100vw, 887px\" \/><\/a><\/figure>\n\n\n\n<figure class=\"wp-block-image\"><a href=\"http:\/\/www.skaldemann-nature.de\/index.php\/2019\/03\/14\/die-rache\/\"><img decoding=\"async\" loading=\"lazy\" width=\"790\" height=\"595\" data-id=\"562\"  src=\"https:\/\/www.skaldemann-nature.de\/wp-content\/uploads\/2019\/03\/Die-Rache-2.jpg\" alt=\"\" class=\"wp-image-562\" srcset=\"https:\/\/www.skaldemann-nature.de\/wp-content\/uploads\/2019\/03\/Die-Rache-2.jpg 790w, https:\/\/www.skaldemann-nature.de\/wp-content\/uploads\/2019\/03\/Die-Rache-2-300x226.jpg 300w, https:\/\/www.skaldemann-nature.de\/wp-content\/uploads\/2019\/03\/Die-Rache-2-768x578.jpg 768w, https:\/\/www.skaldemann-nature.de\/wp-content\/uploads\/2019\/03\/Die-Rache-2-120x90.jpg 120w\" sizes=\"(max-width: 790px) 100vw, 790px\" \/><\/a><\/figure>\n\n\n\n<figure class=\"wp-block-image\"><a href=\"http:\/\/www.skaldemann-nature.de\/index.php\/2019\/03\/14\/mutter\/\"><img decoding=\"async\" loading=\"lazy\" width=\"792\" height=\"595\" data-id=\"561\"  src=\"https:\/\/www.skaldemann-nature.de\/wp-content\/uploads\/2019\/03\/Mutter-2.jpg\" alt=\"\" class=\"wp-image-561\" srcset=\"https:\/\/www.skaldemann-nature.de\/wp-content\/uploads\/2019\/03\/Mutter-2.jpg 792w, https:\/\/www.skaldemann-nature.de\/wp-content\/uploads\/2019\/03\/Mutter-2-300x225.jpg 300w, https:\/\/www.skaldemann-nature.de\/wp-content\/uploads\/2019\/03\/Mutter-2-768x577.jpg 768w, https:\/\/www.skaldemann-nature.de\/wp-content\/uploads\/2019\/03\/Mutter-2-120x90.jpg 120w\" sizes=\"(max-width: 792px) 100vw, 792px\" \/><\/a><\/figure>\n\n\n\n<figure class=\"wp-block-image\"><a href=\"http:\/\/www.skaldemann-nature.de\/index.php\/2019\/03\/14\/ohne-dich\/\"><img decoding=\"async\" loading=\"lazy\" width=\"891\" height=\"595\" data-id=\"340\"  src=\"https:\/\/www.skaldemann-nature.de\/wp-content\/uploads\/2019\/03\/Ohne-dich.jpg\" alt=\"\" class=\"wp-image-340\" srcset=\"https:\/\/www.skaldemann-nature.de\/wp-content\/uploads\/2019\/03\/Ohne-dich.jpg 891w, https:\/\/www.skaldemann-nature.de\/wp-content\/uploads\/2019\/03\/Ohne-dich-300x200.jpg 300w, https:\/\/www.skaldemann-nature.de\/wp-content\/uploads\/2019\/03\/Ohne-dich-768x513.jpg 768w\" sizes=\"(max-width: 891px) 100vw, 891px\" \/><\/a><\/figure>\n\n\n\n<figure class=\"wp-block-image\"><a href=\"https:\/\/www.skaldemann-nature.de\/index.php\/2019\/05\/11\/leerer-blick\/\"><img decoding=\"async\" loading=\"lazy\" width=\"788\" height=\"595\" data-id=\"663\"  src=\"https:\/\/www.skaldemann-nature.de\/wp-content\/uploads\/2019\/05\/Leerer-Blick.jpg\" alt=\"\" class=\"wp-image-663\" srcset=\"https:\/\/www.skaldemann-nature.de\/wp-content\/uploads\/2019\/05\/Leerer-Blick.jpg 788w, https:\/\/www.skaldemann-nature.de\/wp-content\/uploads\/2019\/05\/Leerer-Blick-300x227.jpg 300w, https:\/\/www.skaldemann-nature.de\/wp-content\/uploads\/2019\/05\/Leerer-Blick-768x580.jpg 768w, https:\/\/www.skaldemann-nature.de\/wp-content\/uploads\/2019\/05\/Leerer-Blick-120x90.jpg 120w\" sizes=\"(max-width: 788px) 100vw, 788px\" \/><\/a><\/figure>\n\n\n\n<figure class=\"wp-block-image\"><a href=\"https:\/\/www.skaldemann-nature.de\/index.php\/2019\/06\/02\/ploetzliche-stille\/\"><img decoding=\"async\" loading=\"lazy\" width=\"1500\" height=\"1127\" data-id=\"678\"  src=\"https:\/\/www.skaldemann-nature.de\/wp-content\/uploads\/2019\/06\/Pl\u00f6tzlicheStille-1.jpg\" alt=\"\" class=\"wp-image-678\" srcset=\"https:\/\/www.skaldemann-nature.de\/wp-content\/uploads\/2019\/06\/Pl\u00f6tzlicheStille-1.jpg 1500w, https:\/\/www.skaldemann-nature.de\/wp-content\/uploads\/2019\/06\/Pl\u00f6tzlicheStille-1-300x225.jpg 300w, https:\/\/www.skaldemann-nature.de\/wp-content\/uploads\/2019\/06\/Pl\u00f6tzlicheStille-1-768x577.jpg 768w, https:\/\/www.skaldemann-nature.de\/wp-content\/uploads\/2019\/06\/Pl\u00f6tzlicheStille-1-120x90.jpg 120w\" sizes=\"(max-width: 1500px) 100vw, 1500px\" \/><\/a><\/figure>\n\n\n\n<figure class=\"wp-block-image\"><a href=\"https:\/\/www.skaldemann-nature.de\/index.php\/2019\/06\/02\/an-alle\/\"><img decoding=\"async\" loading=\"lazy\" width=\"700\" height=\"526\" data-id=\"686\"  src=\"https:\/\/www.skaldemann-nature.de\/wp-content\/uploads\/2019\/06\/An_Alle-1.jpg\" alt=\"\" class=\"wp-image-686\" srcset=\"https:\/\/www.skaldemann-nature.de\/wp-content\/uploads\/2019\/06\/An_Alle-1.jpg 700w, https:\/\/www.skaldemann-nature.de\/wp-content\/uploads\/2019\/06\/An_Alle-1-300x225.jpg 300w, https:\/\/www.skaldemann-nature.de\/wp-content\/uploads\/2019\/06\/An_Alle-1-120x90.jpg 120w\" sizes=\"(max-width: 700px) 100vw, 700px\" \/><\/a><\/figure>\n\n\n\n<figure class=\"wp-block-image\"><a href=\"https:\/\/www.skaldemann-nature.de\/index.php\/2019\/06\/22\/inneres-licht\/\"><img decoding=\"async\" loading=\"lazy\" width=\"500\" height=\"593\" data-id=\"721\"  src=\"https:\/\/www.skaldemann-nature.de\/wp-content\/uploads\/2019\/06\/Inneres-Licht-1.jpg\" alt=\"\" class=\"wp-image-721\" srcset=\"https:\/\/www.skaldemann-nature.de\/wp-content\/uploads\/2019\/06\/Inneres-Licht-1.jpg 500w, https:\/\/www.skaldemann-nature.de\/wp-content\/uploads\/2019\/06\/Inneres-Licht-1-253x300.jpg 253w\" sizes=\"(max-width: 500px) 100vw, 500px\" \/><\/a><figcaption class=\"wp-element-caption\"> <\/figcaption><\/figure>\n\n\n\n<figure class=\"wp-block-image\"><a href=\"https:\/\/www.skaldemann-nature.de\/?p=634\"><img decoding=\"async\" loading=\"lazy\" width=\"500\" height=\"593\" data-id=\"723\"  src=\"https:\/\/www.skaldemann-nature.de\/wp-content\/uploads\/2019\/06\/In-meinem-Herz-1.jpg\" alt=\"\" class=\"wp-image-723\" srcset=\"https:\/\/www.skaldemann-nature.de\/wp-content\/uploads\/2019\/06\/In-meinem-Herz-1.jpg 500w, https:\/\/www.skaldemann-nature.de\/wp-content\/uploads\/2019\/06\/In-meinem-Herz-1-253x300.jpg 253w\" sizes=\"(max-width: 500px) 100vw, 500px\" \/><\/a><figcaption class=\"wp-element-caption\"> <\/figcaption><\/figure>\n\n\n\n<figure class=\"wp-block-image\"><a href=\"https:\/\/www.skaldemann-nature.de\/?p=632\"><img decoding=\"async\" loading=\"lazy\" width=\"500\" height=\"593\" data-id=\"725\"  src=\"https:\/\/www.skaldemann-nature.de\/wp-content\/uploads\/2019\/06\/Endlose-Zeiten-1.jpg\" alt=\"\" class=\"wp-image-725\" srcset=\"https:\/\/www.skaldemann-nature.de\/wp-content\/uploads\/2019\/06\/Endlose-Zeiten-1.jpg 500w, https:\/\/www.skaldemann-nature.de\/wp-content\/uploads\/2019\/06\/Endlose-Zeiten-1-253x300.jpg 253w\" sizes=\"(max-width: 500px) 100vw, 500px\" \/><\/a><figcaption class=\"wp-element-caption\"> <\/figcaption><\/figure>\n\n\n\n<figure class=\"wp-block-image\"><a href=\"https:\/\/www.skaldemann-nature.de\/index.php\/2019\/06\/22\/die-wende\/\"><img decoding=\"async\" loading=\"lazy\" width=\"500\" height=\"593\" data-id=\"728\"  src=\"https:\/\/www.skaldemann-nature.de\/wp-content\/uploads\/2019\/06\/Die-Wende-1.jpg\" alt=\"\" class=\"wp-image-728\" srcset=\"https:\/\/www.skaldemann-nature.de\/wp-content\/uploads\/2019\/06\/Die-Wende-1.jpg 500w, https:\/\/www.skaldemann-nature.de\/wp-content\/uploads\/2019\/06\/Die-Wende-1-253x300.jpg 253w\" sizes=\"(max-width: 500px) 100vw, 500px\" \/><\/a><figcaption class=\"wp-element-caption\"> <\/figcaption><\/figure>\n\n\n\n<figure class=\"wp-block-image\"><a href=\"https:\/\/www.skaldemann-nature.de\/index.php\/2019\/06\/22\/der-besuch\/\"><img decoding=\"async\" loading=\"lazy\" width=\"500\" height=\"593\" data-id=\"731\"  src=\"https:\/\/www.skaldemann-nature.de\/wp-content\/uploads\/2019\/06\/Der-Besuch-1.jpg\" alt=\"\" class=\"wp-image-731\" srcset=\"https:\/\/www.skaldemann-nature.de\/wp-content\/uploads\/2019\/06\/Der-Besuch-1.jpg 500w, https:\/\/www.skaldemann-nature.de\/wp-content\/uploads\/2019\/06\/Der-Besuch-1-253x300.jpg 253w\" sizes=\"(max-width: 500px) 100vw, 500px\" \/><\/a><figcaption class=\"wp-element-caption\"> <\/figcaption><\/figure>\n\n\n\n<figure class=\"wp-block-image\"><a href=\"https:\/\/www.skaldemann-nature.de\/index.php\/2019\/06\/22\/das-glueck\/\"><img decoding=\"async\" loading=\"lazy\" width=\"500\" height=\"593\" data-id=\"736\"  src=\"https:\/\/www.skaldemann-nature.de\/wp-content\/uploads\/2019\/06\/Das-Gl\u00fcck-1.jpg\" alt=\"\" class=\"wp-image-736\" srcset=\"https:\/\/www.skaldemann-nature.de\/wp-content\/uploads\/2019\/06\/Das-Gl\u00fcck-1.jpg 500w, https:\/\/www.skaldemann-nature.de\/wp-content\/uploads\/2019\/06\/Das-Gl\u00fcck-1-253x300.jpg 253w\" sizes=\"(max-width: 500px) 100vw, 500px\" \/><\/a><figcaption class=\"wp-element-caption\"> <\/figcaption><\/figure>\n\n\n\n<figure class=\"wp-block-image\"><a href=\"https:\/\/www.skaldemann-nature.de\/index.php\/2019\/06\/22\/mehr-mehr-weniger-natur\/\"><img decoding=\"async\" loading=\"lazy\" width=\"500\" height=\"593\" data-id=\"743\"  src=\"https:\/\/www.skaldemann-nature.de\/wp-content\/uploads\/2019\/06\/Mehr-mehr-weniger-Natur-1.jpg\" alt=\"\" class=\"wp-image-743\" srcset=\"https:\/\/www.skaldemann-nature.de\/wp-content\/uploads\/2019\/06\/Mehr-mehr-weniger-Natur-1.jpg 500w, https:\/\/www.skaldemann-nature.de\/wp-content\/uploads\/2019\/06\/Mehr-mehr-weniger-Natur-1-253x300.jpg 253w\" sizes=\"(max-width: 500px) 100vw, 500px\" \/><\/a><figcaption class=\"wp-element-caption\"> <\/figcaption><\/figure>\n\n\n\n<figure class=\"wp-block-image\"><a href=\"https:\/\/www.skaldemann-nature.de\/index.php\/2019\/06\/22\/warum\/\"><img decoding=\"async\" loading=\"lazy\" width=\"500\" height=\"593\" data-id=\"748\"  src=\"https:\/\/www.skaldemann-nature.de\/wp-content\/uploads\/2019\/06\/Warum-1.jpg\" alt=\"\" class=\"wp-image-748\" srcset=\"https:\/\/www.skaldemann-nature.de\/wp-content\/uploads\/2019\/06\/Warum-1.jpg 500w, https:\/\/www.skaldemann-nature.de\/wp-content\/uploads\/2019\/06\/Warum-1-253x300.jpg 253w\" sizes=\"(max-width: 500px) 100vw, 500px\" \/><\/a><figcaption class=\"wp-element-caption\"> <\/figcaption><\/figure>\n\n\n\n<figure class=\"wp-block-image\"><a href=\"https:\/\/www.skaldemann-nature.de\/index.php\/2019\/06\/22\/sehnsucht\/\"><img decoding=\"async\" loading=\"lazy\" width=\"500\" height=\"593\" data-id=\"803\"  src=\"https:\/\/www.skaldemann-nature.de\/wp-content\/uploads\/2019\/06\/Sehnsucht-3.jpg\" alt=\"\" class=\"wp-image-803\" srcset=\"https:\/\/www.skaldemann-nature.de\/wp-content\/uploads\/2019\/06\/Sehnsucht-3.jpg 500w, https:\/\/www.skaldemann-nature.de\/wp-content\/uploads\/2019\/06\/Sehnsucht-3-253x300.jpg 253w\" sizes=\"(max-width: 500px) 100vw, 500px\" \/><\/a><figcaption class=\"wp-element-caption\"> <\/figcaption><\/figure>\n\n\n\n<figure class=\"wp-block-image\"><a href=\"https:\/\/www.skaldemann-nature.de\/index.php\/2019\/06\/22\/das-licht\"><img decoding=\"async\" loading=\"lazy\" width=\"785\" height=\"585\" data-id=\"815\"  src=\"https:\/\/www.skaldemann-nature.de\/wp-content\/uploads\/2020\/01\/Die-Licht.jpg\" alt=\"\" class=\"wp-image-815\" srcset=\"https:\/\/www.skaldemann-nature.de\/wp-content\/uploads\/2020\/01\/Die-Licht.jpg 785w, https:\/\/www.skaldemann-nature.de\/wp-content\/uploads\/2020\/01\/Die-Licht-300x224.jpg 300w, https:\/\/www.skaldemann-nature.de\/wp-content\/uploads\/2020\/01\/Die-Licht-768x572.jpg 768w, https:\/\/www.skaldemann-nature.de\/wp-content\/uploads\/2020\/01\/Die-Licht-120x90.jpg 120w\" sizes=\"(max-width: 785px) 100vw, 785px\" \/><\/a><\/figure>\n\n\n\n<figure class=\"wp-block-image\"><a href=\"https:\/\/www.skaldemann-nature.de\/index.php\/2019\/06\/22\/nichts-schoeneres\/\"><img decoding=\"async\" loading=\"lazy\" width=\"700\" height=\"526\" data-id=\"816\"  src=\"https:\/\/www.skaldemann-nature.de\/wp-content\/uploads\/2020\/01\/Nichts-Sch\u00f6neres-8.jpg\" alt=\"\" class=\"wp-image-816\" srcset=\"https:\/\/www.skaldemann-nature.de\/wp-content\/uploads\/2020\/01\/Nichts-Sch\u00f6neres-8.jpg 700w, https:\/\/www.skaldemann-nature.de\/wp-content\/uploads\/2020\/01\/Nichts-Sch\u00f6neres-8-300x225.jpg 300w, https:\/\/www.skaldemann-nature.de\/wp-content\/uploads\/2020\/01\/Nichts-Sch\u00f6neres-8-120x90.jpg 120w\" sizes=\"(max-width: 700px) 100vw, 700px\" \/><\/a><\/figure>\n\n\n\n<figure class=\"wp-block-image size-large\"><a href=\"https:\/\/www.skaldemann-nature.de\/index.php\/2024\/04\/20\/der-falsche-weg\/\"><img decoding=\"async\" loading=\"lazy\" width=\"790\" height=\"620\" data-id=\"1644\"  src=\"https:\/\/www.skaldemann-nature.de\/wp-content\/uploads\/2024\/04\/Der-falsche-Weg.jpg\" alt=\"\" class=\"wp-image-1644\" srcset=\"https:\/\/www.skaldemann-nature.de\/wp-content\/uploads\/2024\/04\/Der-falsche-Weg.jpg 790w, https:\/\/www.skaldemann-nature.de\/wp-content\/uploads\/2024\/04\/Der-falsche-Weg-300x235.jpg 300w, https:\/\/www.skaldemann-nature.de\/wp-content\/uploads\/2024\/04\/Der-falsche-Weg-768x603.jpg 768w\" sizes=\"(max-width: 790px) 100vw, 790px\" \/><\/a><figcaption class=\"wp-element-caption\"> <\/figcaption><\/figure>\n\n\n\n<figure class=\"wp-block-image size-large\"><a href=\"https:\/\/www.skaldemann-nature.de\/index.php\/2024\/04\/20\/sehnsucht-der-gitarre\/\"><img decoding=\"async\" loading=\"lazy\" width=\"790\" height=\"620\" data-id=\"1650\"  src=\"https:\/\/www.skaldemann-nature.de\/wp-content\/uploads\/2024\/04\/Sehnsucht_der_Gitarre.jpg\" alt=\"\" class=\"wp-image-1650\" srcset=\"https:\/\/www.skaldemann-nature.de\/wp-content\/uploads\/2024\/04\/Sehnsucht_der_Gitarre.jpg 790w, https:\/\/www.skaldemann-nature.de\/wp-content\/uploads\/2024\/04\/Sehnsucht_der_Gitarre-300x235.jpg 300w, https:\/\/www.skaldemann-nature.de\/wp-content\/uploads\/2024\/04\/Sehnsucht_der_Gitarre-768x603.jpg 768w\" sizes=\"(max-width: 790px) 100vw, 790px\" \/><\/a><figcaption class=\"wp-element-caption\"> <\/figcaption><\/figure>\n\n\n\n<figure class=\"wp-block-image size-large\"><a href=\"https:\/\/www.skaldemann-nature.de\/index.php\/2024\/04\/20\/sein\/\"><img decoding=\"async\" loading=\"lazy\" width=\"790\" height=\"620\" data-id=\"1660\"  src=\"https:\/\/www.skaldemann-nature.de\/wp-content\/uploads\/2024\/04\/Sein-1.jpg\" alt=\"\" class=\"wp-image-1660\" srcset=\"https:\/\/www.skaldemann-nature.de\/wp-content\/uploads\/2024\/04\/Sein-1.jpg 790w, https:\/\/www.skaldemann-nature.de\/wp-content\/uploads\/2024\/04\/Sein-1-300x235.jpg 300w, https:\/\/www.skaldemann-nature.de\/wp-content\/uploads\/2024\/04\/Sein-1-768x603.jpg 768w\" sizes=\"(max-width: 790px) 100vw, 790px\" \/><\/a><figcaption class=\"wp-element-caption\"> <\/figcaption><\/figure>\n\n\n\n<figure class=\"wp-block-image size-large\"><a href=\"https:\/\/www.skaldemann-nature.de\/index.php\/2024\/04\/20\/ergoarbeitsplatte\/\"><img decoding=\"async\" loading=\"lazy\" width=\"790\" height=\"620\" data-id=\"1665\"  src=\"https:\/\/www.skaldemann-nature.de\/wp-content\/uploads\/2024\/04\/Ergoarbeitsplatte-1.jpg\" alt=\"\" class=\"wp-image-1665\" srcset=\"https:\/\/www.skaldemann-nature.de\/wp-content\/uploads\/2024\/04\/Ergoarbeitsplatte-1.jpg 790w, https:\/\/www.skaldemann-nature.de\/wp-content\/uploads\/2024\/04\/Ergoarbeitsplatte-1-300x235.jpg 300w, https:\/\/www.skaldemann-nature.de\/wp-content\/uploads\/2024\/04\/Ergoarbeitsplatte-1-768x603.jpg 768w\" sizes=\"(max-width: 790px) 100vw, 790px\" \/><\/a><figcaption class=\"wp-element-caption\"> <\/figcaption><\/figure>\n\n\n\n<figure class=\"wp-block-image size-large\"><a href=\"https:\/\/www.skaldemann-nature.de\/index.php\/2024\/04\/20\/heute\/\"><img decoding=\"async\" loading=\"lazy\" width=\"790\" height=\"620\" data-id=\"1744\"  src=\"https:\/\/www.skaldemann-nature.de\/wp-content\/uploads\/2024\/04\/Heute-1.jpg\" alt=\"\" class=\"wp-image-1744\" srcset=\"https:\/\/www.skaldemann-nature.de\/wp-content\/uploads\/2024\/04\/Heute-1.jpg 790w, https:\/\/www.skaldemann-nature.de\/wp-content\/uploads\/2024\/04\/Heute-1-300x235.jpg 300w, https:\/\/www.skaldemann-nature.de\/wp-content\/uploads\/2024\/04\/Heute-1-768x603.jpg 768w\" sizes=\"(max-width: 790px) 100vw, 790px\" \/><\/a><figcaption class=\"wp-element-caption\"> <\/figcaption><\/figure>\n\n\n\n<figure class=\"wp-block-image size-large\"><a href=\"https:\/\/www.skaldemann-nature.de\/index.php\/2024\/04\/20\/gruebeln\/\"><img decoding=\"async\" loading=\"lazy\" width=\"790\" height=\"620\" data-id=\"1749\"  src=\"https:\/\/www.skaldemann-nature.de\/wp-content\/uploads\/2024\/04\/Gruebeln-1.jpg\" alt=\"\" class=\"wp-image-1749\" srcset=\"https:\/\/www.skaldemann-nature.de\/wp-content\/uploads\/2024\/04\/Gruebeln-1.jpg 790w, https:\/\/www.skaldemann-nature.de\/wp-content\/uploads\/2024\/04\/Gruebeln-1-300x235.jpg 300w, https:\/\/www.skaldemann-nature.de\/wp-content\/uploads\/2024\/04\/Gruebeln-1-768x603.jpg 768w\" sizes=\"(max-width: 790px) 100vw, 790px\" \/><\/a><figcaption class=\"wp-element-caption\"> <\/figcaption><\/figure>\n\n\n\n<figure class=\"wp-block-image size-large\"><a href=\"https:\/\/www.skaldemann-nature.de\/index.php\/2024\/04\/20\/innerlich\/\"><img decoding=\"async\" loading=\"lazy\" width=\"790\" height=\"620\" data-id=\"1753\"  src=\"https:\/\/www.skaldemann-nature.de\/wp-content\/uploads\/2024\/04\/Innerlich.jpg\" alt=\"\" class=\"wp-image-1753\" srcset=\"https:\/\/www.skaldemann-nature.de\/wp-content\/uploads\/2024\/04\/Innerlich.jpg 790w, https:\/\/www.skaldemann-nature.de\/wp-content\/uploads\/2024\/04\/Innerlich-300x235.jpg 300w, https:\/\/www.skaldemann-nature.de\/wp-content\/uploads\/2024\/04\/Innerlich-768x603.jpg 768w\" sizes=\"(max-width: 790px) 100vw, 790px\" \/><\/a><figcaption class=\"wp-element-caption\"> <\/figcaption><\/figure>\n\n\n\n<figure class=\"wp-block-image size-large\"><a href=\"https:\/\/www.skaldemann-nature.de\/index.php\/2024\/04\/20\/zauber-des-schaffens\/\"><img decoding=\"async\" loading=\"lazy\" width=\"790\" height=\"620\" data-id=\"1757\"  src=\"https:\/\/www.skaldemann-nature.de\/wp-content\/uploads\/2024\/04\/Zauber_des_Schaffens.jpg\" alt=\"\" class=\"wp-image-1757\" srcset=\"https:\/\/www.skaldemann-nature.de\/wp-content\/uploads\/2024\/04\/Zauber_des_Schaffens.jpg 790w, https:\/\/www.skaldemann-nature.de\/wp-content\/uploads\/2024\/04\/Zauber_des_Schaffens-300x235.jpg 300w, https:\/\/www.skaldemann-nature.de\/wp-content\/uploads\/2024\/04\/Zauber_des_Schaffens-768x603.jpg 768w\" sizes=\"(max-width: 790px) 100vw, 790px\" \/><\/a><figcaption class=\"wp-element-caption\"> <\/figcaption><\/figure>\n\n\n\n<figure class=\"wp-block-image size-large\"><a href=\"https:\/\/www.skaldemann-nature.de\/index.php\/2024\/04\/20\/reif\/\"><img decoding=\"async\" loading=\"lazy\" width=\"790\" height=\"620\" data-id=\"1764\"  src=\"https:\/\/www.skaldemann-nature.de\/wp-content\/uploads\/2024\/04\/Reif-1.jpg\" alt=\"\" class=\"wp-image-1764\" srcset=\"https:\/\/www.skaldemann-nature.de\/wp-content\/uploads\/2024\/04\/Reif-1.jpg 790w, https:\/\/www.skaldemann-nature.de\/wp-content\/uploads\/2024\/04\/Reif-1-300x235.jpg 300w, https:\/\/www.skaldemann-nature.de\/wp-content\/uploads\/2024\/04\/Reif-1-768x603.jpg 768w\" sizes=\"(max-width: 790px) 100vw, 790px\" \/><\/a><figcaption class=\"wp-element-caption\"> <\/figcaption><\/figure>\n\n\n\n<figure class=\"wp-block-image size-large\"><a href=\"https:\/\/www.skaldemann-nature.de\/index.php\/2024\/04\/20\/weisheit\/\"><img decoding=\"async\" loading=\"lazy\" width=\"790\" height=\"620\" data-id=\"1769\"  src=\"https:\/\/www.skaldemann-nature.de\/wp-content\/uploads\/2024\/04\/Weisheit-1.jpg\" alt=\"\" class=\"wp-image-1769\" srcset=\"https:\/\/www.skaldemann-nature.de\/wp-content\/uploads\/2024\/04\/Weisheit-1.jpg 790w, https:\/\/www.skaldemann-nature.de\/wp-content\/uploads\/2024\/04\/Weisheit-1-300x235.jpg 300w, https:\/\/www.skaldemann-nature.de\/wp-content\/uploads\/2024\/04\/Weisheit-1-768x603.jpg 768w\" sizes=\"(max-width: 790px) 100vw, 790px\" \/><\/a><figcaption class=\"wp-element-caption\"> <\/figcaption><\/figure>\n\n\n\n<figure class=\"wp-block-image size-large\"><a href=\"https:\/\/www.skaldemann-nature.de\/index.php\/2024\/04\/20\/vorbei\/\"><img decoding=\"async\" loading=\"lazy\" width=\"790\" height=\"620\" data-id=\"1774\"  src=\"https:\/\/www.skaldemann-nature.de\/wp-content\/uploads\/2024\/04\/Vorbei-1.jpg\" alt=\"\" class=\"wp-image-1774\" srcset=\"https:\/\/www.skaldemann-nature.de\/wp-content\/uploads\/2024\/04\/Vorbei-1.jpg 790w, https:\/\/www.skaldemann-nature.de\/wp-content\/uploads\/2024\/04\/Vorbei-1-300x235.jpg 300w, https:\/\/www.skaldemann-nature.de\/wp-content\/uploads\/2024\/04\/Vorbei-1-768x603.jpg 768w\" sizes=\"(max-width: 790px) 100vw, 790px\" \/><\/a><\/figure>\n\n\n\n<figure class=\"wp-block-image size-large\"><a href=\"https:\/\/www.skaldemann-nature.de\/index.php\/2024\/04\/20\/noch-ein-mal\/\"><img decoding=\"async\" loading=\"lazy\" width=\"790\" height=\"620\" data-id=\"1779\"  src=\"https:\/\/www.skaldemann-nature.de\/wp-content\/uploads\/2024\/04\/Noch_ein_Mal-1.jpg\" alt=\"\" class=\"wp-image-1779\" srcset=\"https:\/\/www.skaldemann-nature.de\/wp-content\/uploads\/2024\/04\/Noch_ein_Mal-1.jpg 790w, https:\/\/www.skaldemann-nature.de\/wp-content\/uploads\/2024\/04\/Noch_ein_Mal-1-300x235.jpg 300w, https:\/\/www.skaldemann-nature.de\/wp-content\/uploads\/2024\/04\/Noch_ein_Mal-1-768x603.jpg 768w\" sizes=\"(max-width: 790px) 100vw, 790px\" \/><\/a><figcaption class=\"wp-element-caption\"> <\/figcaption><\/figure>\n<\/figure>\n","protected":false},"excerpt":{"rendered":"<p>Wie bei meiner Vorstellung auf &#8220;\u00dcber Mich&#8221; schon erw\u00e4hnt, dient mir das Schreiben sehr oft als Ventil, um Dinge zu verarbeiten. Es ist ein Geschenk, wenn durch das Verarbeiten Neues entstehen kann. Es ist wohl eine Gabe, die mir zuteil geworden ist, die ich aber nicht in Perfektion beherrsche. Meine Gedichte und Texte stammen einzig&hellip;<\/p>\n","protected":false},"author":1,"featured_media":328,"parent":0,"menu_order":2,"comment_status":"closed","ping_status":"closed","template":"","meta":{"ngg_post_thumbnail":0},"_links":{"self":[{"href":"https:\/\/www.skaldemann-nature.de\/index.php\/wp-json\/wp\/v2\/pages\/24"}],"collection":[{"href":"https:\/\/www.skaldemann-nature.de\/index.php\/wp-json\/wp\/v2\/pages"}],"about":[{"href":"https:\/\/www.skaldemann-nature.de\/index.php\/wp-json\/wp\/v2\/types\/page"}],"author":[{"embeddable":true,"href":"https:\/\/www.skaldemann-nature.de\/index.php\/wp-json\/wp\/v2\/users\/1"}],"replies":[{"embeddable":true,"href":"https:\/\/www.skaldemann-nature.de\/index.php\/wp-json\/wp\/v2\/comments?post=24"}],"version-history":[{"count":95,"href":"https:\/\/www.skaldemann-nature.de\/index.php\/wp-json\/wp\/v2\/pages\/24\/revisions"}],"predecessor-version":[{"id":1793,"href":"https:\/\/www.skaldemann-nature.de\/index.php\/wp-json\/wp\/v2\/pages\/24\/revisions\/1793"}],"wp:featuredmedia":[{"embeddable":true,"href":"https:\/\/www.skaldemann-nature.de\/index.php\/wp-json\/wp\/v2\/media\/328"}],"wp:attachment":[{"href":"https:\/\/www.skaldemann-nature.de\/index.php\/wp-json\/wp\/v2\/media?parent=24"}],"curies":[{"name":"wp","href":"https:\/\/api.w.org\/{rel}","templated":true}]}}